{"id":7428,"date":"2025-08-04T15:06:42","date_gmt":"2025-08-04T15:06:42","guid":{"rendered":"https:\/\/moustaqbel.org\/?page_id=7428"},"modified":"2025-08-22T13:47:10","modified_gmt":"2025-08-22T13:47:10","slug":"la-vision-la-mission-objectifs","status":"publish","type":"page","link":"https:\/\/moustaqbel.org\/fr\/qui-sommes-nous\/la-vision-la-mission-objectifs\/","title":{"rendered":"La Vision &#8211; La Mission &#8211; Objectifs"},"content":{"rendered":"<div class=\"wpb-content-wrapper\"><p>[vc_row full_width=\u00a0\u00bbstretch_row\u00a0\u00bb inverse=\u00a0\u00bb\u00a0\u00bb css=\u00a0\u00bb.vc_custom_1754320247875{margin-bottom: 0px !important;background-image: url(https:\/\/moustaqbel.org\/wp-content\/uploads\/2025\/02\/header-who-are-we-def.jpg?id=6406) !important;background-position: center !important;background-repeat: no-repeat !important;background-size: cover !important;}\u00a0\u00bb el_class=\u00a0\u00bbmtb-cnt-bttm mtb-header-banner\u00a0\u00bb][vc_column css=\u00a0\u00bb.vc_custom_1731422519776{padding-bottom: 5% !important;}\u00a0\u00bb][vc_column_text css=\u00a0\u00bb\u00a0\u00bb]<\/p>\n<h1 class=\"mtb-h2\" style=\"text-align: center;\">La Vision &#8211; La Mission &#8211; Objectifs<\/h1>\n<p>[\/vc_column_text][\/vc_column][\/vc_row][vc_row full_width=\u00a0\u00bbstretch_row\u00a0\u00bb css=\u00a0\u00bb.vc_custom_1754320504248{padding-top: 60px !important;background-color: #eae1c5 !important;}\u00a0\u00bb][vc_column width=\u00a0\u00bb1\/3&Prime; offset=\u00a0\u00bbvc_hidden-xs\u00a0\u00bb][vc_single_image image=\u00a0\u00bb6109&Prime; img_size=\u00a0\u00bbfull\u00a0\u00bb alignment=\u00a0\u00bbcenter\u00a0\u00bb css=\u00a0\u00bb\u00a0\u00bb][\/vc_column][vc_column width=\u00a0\u00bb1\/3&Prime;][vc_column_text css=\u00a0\u00bb.vc_custom_1736343140148{padding-top: 0px !important;padding-bottom: 10px !important;}\u00a0\u00bb]<\/p>\n<h3 style=\"margin-top: 0px;\">La vision<\/h3>\n<p>Toute jeune femme instruite issue d&rsquo;un milieu d\u00e9favoris\u00e9 inspire, stimule et \u00e9duque sa communaut\u00e9 et la g\u00e9n\u00e9ration suivante.[\/vc_column_text][\/vc_column][vc_column width=\u00a0\u00bb1\/3&Prime;][vc_single_image image=\u00a0\u00bb6109&Prime; img_size=\u00a0\u00bbfull\u00a0\u00bb alignment=\u00a0\u00bbcenter\u00a0\u00bb css=\u00a0\u00bb\u00a0\u00bb][\/vc_column][\/vc_row][vc_row full_width=\u00a0\u00bbstretch_row\u00a0\u00bb css=\u00a0\u00bb.vc_custom_1754320514496{padding-top: 20px !important;padding-bottom: 60px !important;background-color: #eae1c5 !important;}\u00a0\u00bb][vc_column width=\u00a0\u00bb1\/3&Prime;][vc_column_text css=\u00a0\u00bb.vc_custom_1736343162377{padding-top: 0px !important;padding-bottom: 10px !important;}\u00a0\u00bb]<\/p>\n<h3 style=\"margin-top: 0px;\">La mission<\/h3>\n<p>Moustaqbel vise \u00e0 offrir aux jeunes femmes d\u00e9favoris\u00e9es des zones rurales marocaines une chance \u00e9quitable d&rsquo;acc\u00e9der \u00e0 l&rsquo;enseignement sup\u00e9rieur. En leur garantissant un foyer s\u00fbr, une vie saine et sociale, et un programme \u00e9ducatif interne riche et compl\u00e9mentaire. De cette mani\u00e8re, nous aidons les jeunes \u00e9tudiantes \u00e0 se prendre en charge sur le march\u00e9 du travail marocain comp\u00e9titif.[\/vc_column_text][\/vc_column][vc_column width=\u00a0\u00bb1\/3&Prime;][vc_single_image image=\u00a0\u00bb6109&Prime; img_size=\u00a0\u00bbfull\u00a0\u00bb alignment=\u00a0\u00bbcenter\u00a0\u00bb css=\u00a0\u00bb.vc_custom_1754320633330{padding-bottom: 10px !important;}\u00a0\u00bb][\/vc_column][vc_column width=\u00a0\u00bb1\/3&Prime;][vc_column_text css=\u00a0\u00bb.vc_custom_1736343172632{padding-top: 0px !important;padding-bottom: 10px !important;}\u00a0\u00bb]<\/p>\n<h3 style=\"margin-top: 0px;\">Objectifs<\/h3>\n<p>Moustaqbel veille \u00e0 ce que ses \u00e9tudiants se d\u00e9veloppent de toutes les mani\u00e8res possibles au cours de leurs \u00e9tudes sup\u00e9rieures. Nous nous effor\u00e7ons d&rsquo;atteindre un taux de r\u00e9ussite de 90 % pendant la p\u00e9riode d&rsquo;\u00e9tudes et nous visons une progression vers des emplois bien r\u00e9mun\u00e9r\u00e9s de 50 % en deux ans.[\/vc_column_text][\/vc_column][\/vc_row]<\/p>\n<\/div>","protected":false},"excerpt":{"rendered":"<p>[vc_row full_width=\u00a0\u00bbstretch_row\u00a0\u00bb inverse=\u00a0\u00bb\u00a0\u00bb css=\u00a0\u00bb.vc_custom_1754320247875{margin-bottom: 0px !important;background-image: url(https:\/\/moustaqbel.org\/wp-content\/uploads\/2025\/02\/header-who-are-we-def.jpg?id=6406) !important;background-position: center !important;background-repeat: no-repeat !important;background-size: cover !important;}\u00a0\u00bb el_class=\u00a0\u00bbmtb-cnt-bttm mtb-header-banner\u00a0\u00bb][vc_column css=\u00a0\u00bb.vc_custom_1731422519776{padding-bottom: 5% !important;}\u00a0\u00bb][vc_column_text css=\u00a0\u00bb\u00a0\u00bb] La Vision &#8211; La Mission &#8211; Objectifs [\/vc_column_text][\/vc_column][\/vc_row][vc_row full_width=\u00a0\u00bbstretch_row\u00a0\u00bb css=\u00a0\u00bb.vc_custom_1754320504248{padding-top: [&hellip;]<\/p>\n","protected":false},"author":990003,"featured_media":0,"parent":7229,"menu_order":0,"comment_status":"closed","ping_status":"closed","template":"","meta":{"give_campaign_id":0,"footnotes":""},"class_list":["post-7428","page","type-page","status-publish","hentry"],"campaignId":"","_links":{"self":[{"href":"https:\/\/moustaqbel.org\/fr\/wp-json\/wp\/v2\/pages\/7428","targetHints":{"allow":["GET"]}}],"collection":[{"href":"https:\/\/moustaqbel.org\/fr\/wp-json\/wp\/v2\/pages"}],"about":[{"href":"https:\/\/moustaqbel.org\/fr\/wp-json\/wp\/v2\/types\/page"}],"author":[{"embeddable":true,"href":"https:\/\/moustaqbel.org\/fr\/wp-json\/wp\/v2\/users\/990003"}],"replies":[{"embeddable":true,"href":"https:\/\/moustaqbel.org\/fr\/wp-json\/wp\/v2\/comments?post=7428"}],"version-history":[{"count":1,"href":"https:\/\/moustaqbel.org\/fr\/wp-json\/wp\/v2\/pages\/7428\/revisions"}],"predecessor-version":[{"id":7429,"href":"https:\/\/moustaqbel.org\/fr\/wp-json\/wp\/v2\/pages\/7428\/revisions\/7429"}],"up":[{"embeddable":true,"href":"https:\/\/moustaqbel.org\/fr\/wp-json\/wp\/v2\/pages\/7229"}],"wp:attachment":[{"href":"https:\/\/moustaqbel.org\/fr\/wp-json\/wp\/v2\/media?parent=7428"}],"curies":[{"name":"wp","href":"https:\/\/api.w.org\/{rel}","templated":true}]}}