{"id":7408,"date":"2025-08-04T15:19:09","date_gmt":"2025-08-04T15:19:09","guid":{"rendered":"https:\/\/moustaqbel.org\/?page_id=7408"},"modified":"2025-08-22T13:21:33","modified_gmt":"2025-08-22T13:21:33","slug":"finances","status":"publish","type":"page","link":"https:\/\/moustaqbel.org\/fr\/qui-sommes-nous\/finances\/","title":{"rendered":"Finances"},"content":{"rendered":"<div class=\"wpb-content-wrapper\"><p>[vc_row full_width=\u00a0\u00bbstretch_row\u00a0\u00bb inverse=\u00a0\u00bb\u00a0\u00bb css=\u00a0\u00bb.vc_custom_1754320813656{margin-bottom: 0px !important;background-image: url(https:\/\/moustaqbel.org\/wp-content\/uploads\/2025\/02\/header-who-are-we-def.jpg?id=6406) !important;background-position: center !important;background-repeat: no-repeat !important;background-size: cover !important;}\u00a0\u00bb el_class=\u00a0\u00bbmtb-cnt-bttm mtb-header-banner\u00a0\u00bb][vc_column css=\u00a0\u00bb.vc_custom_1731422519776{padding-bottom: 5% !important;}\u00a0\u00bb][vc_column_text css=\u00a0\u00bb\u00a0\u00bb]<\/p>\n<h1 class=\"mtb-h2\" style=\"text-align: center; text-transform: uppercase;\">Finances<\/h1>\n<p>[\/vc_column_text][\/vc_column][\/vc_row][vc_row full_width=\u00a0\u00bbstretch_row\u00a0\u00bb css=\u00a0\u00bb.vc_custom_1755860051900{padding-top: 40px !important;padding-bottom: 80px !important;background-color: #2f7d55 !important;background-position: center !important;background-repeat: no-repeat !important;background-size: cover !important;}\u00a0\u00bb][vc_column width=\u00a0\u00bb1\/2&Prime;][vc_column_text css=\u00a0\u00bb\u00a0\u00bb el_class=\u00a0\u00bbmtb-h3-who-f\u00a0\u00bb]<\/p>\n<h3>Logement \u00e9tudiant<\/h3>\n<p>Dar Moustaqbel Junior est situ\u00e9 dans un Riad historique dans la m\u00e9dina de Marrakech et Dar Moustaqbel Masterhouse est une grande maison familiale pr\u00e8s des facult\u00e9s universitaires. Tous deux ont \u00e9t\u00e9 restaur\u00e9s et mis \u00e0 disposition \u00e0 long terme par les propri\u00e9taires \u00e0 la Fondation Moustaqbel. Des panneaux solaires fournissent au b\u00e2timent sa propre eau chaude. Cet investissement et tout le mobilier fixe ont \u00e9t\u00e9 offerts par les propri\u00e9taires du b\u00e2timent.   <\/p>\n<p>Les frais de r\u00e9paration sont financ\u00e9s par la fondation. Les frais de fonctionnement de la Fondation Moustaqbel comprennent l&rsquo;eau, l&rsquo;\u00e9lectricit\u00e9, le gaz, le wifi, la nourriture, les activit\u00e9s et l&rsquo;accompagnement professionnel de nos \u00e9tudiants par notre \u00e9quipe et nos professeurs.<\/p>\n<p>[\/vc_column_text][\/vc_column][vc_column width=\u00a0\u00bb1\/2&Prime;][vc_column_text css=\u00a0\u00bb\u00a0\u00bb el_class=\u00a0\u00bbmtb-h3-who-f\u00a0\u00bb]<\/p>\n<h3>Collecte de fonds<\/h3>\n<p>Pour collecter des fonds, la Fondation Moustaqbel utilise une approche dynamique, en collectant des fonds \u00e0 partir de son site d&rsquo;Amsterdam et en impliquant une diversit\u00e9 de donateurs priv\u00e9s, d&rsquo;entreprises, d&rsquo;\u00e9coles et d&rsquo;organisations (non gouvernementales). Notre objectif est d&rsquo;augmenter notre capacit\u00e9 de collecte de fonds au Maroc. Les deux fondations Moustaqbel se conforment aux exigences des autorit\u00e9s fiscales n\u00e9erlandaises. Notre statut d&rsquo;ANBI permet \u00e0 nos sponsors priv\u00e9s de d\u00e9duire leurs dons \u00e0 des fins fiscales en cas d&rsquo;engagement sur cinq ans.   <\/p>\n<p>Les dons sont enti\u00e8rement consacr\u00e9s aux frais de fonctionnement du projet et sont conformes aux statuts de la Fondation Moustaqbel. Nous tenons \u00e0 souligner que tous les membres du conseil d&rsquo;administration, tant aux Pays-Bas qu&rsquo;au Maroc, donnent b\u00e9n\u00e9volement de leur temps et ne re\u00e7oivent aucune compensation ou remboursement de frais de voyage.[\/vc_column_text][\/vc_column][\/vc_row]<\/p>\n<\/div>","protected":false},"excerpt":{"rendered":"<p>[vc_row full_width=\u00a0\u00bbstretch_row\u00a0\u00bb inverse=\u00a0\u00bb\u00a0\u00bb css=\u00a0\u00bb.vc_custom_1754320813656{margin-bottom: 0px !important;background-image: url(https:\/\/moustaqbel.org\/wp-content\/uploads\/2025\/02\/header-who-are-we-def.jpg?id=6406) !important;background-position: center !important;background-repeat: no-repeat !important;background-size: cover !important;}\u00a0\u00bb el_class=\u00a0\u00bbmtb-cnt-bttm mtb-header-banner\u00a0\u00bb][vc_column css=\u00a0\u00bb.vc_custom_1731422519776{padding-bottom: 5% !important;}\u00a0\u00bb][vc_column_text css=\u00a0\u00bb\u00a0\u00bb] Finances [\/vc_column_text][\/vc_column][\/vc_row][vc_row full_width=\u00a0\u00bbstretch_row\u00a0\u00bb css=\u00a0\u00bb.vc_custom_1755860051900{padding-top: 40px !important;padding-bottom: 80px !important;background-color: #2f7d55 !important;background-position: [&hellip;]<\/p>\n","protected":false},"author":990003,"featured_media":0,"parent":7229,"menu_order":0,"comment_status":"closed","ping_status":"closed","template":"","meta":{"give_campaign_id":0,"footnotes":""},"class_list":["post-7408","page","type-page","status-publish","hentry"],"campaignId":"","_links":{"self":[{"href":"https:\/\/moustaqbel.org\/fr\/wp-json\/wp\/v2\/pages\/7408","targetHints":{"allow":["GET"]}}],"collection":[{"href":"https:\/\/moustaqbel.org\/fr\/wp-json\/wp\/v2\/pages"}],"about":[{"href":"https:\/\/moustaqbel.org\/fr\/wp-json\/wp\/v2\/types\/page"}],"author":[{"embeddable":true,"href":"https:\/\/moustaqbel.org\/fr\/wp-json\/wp\/v2\/users\/990003"}],"replies":[{"embeddable":true,"href":"https:\/\/moustaqbel.org\/fr\/wp-json\/wp\/v2\/comments?post=7408"}],"version-history":[{"count":2,"href":"https:\/\/moustaqbel.org\/fr\/wp-json\/wp\/v2\/pages\/7408\/revisions"}],"predecessor-version":[{"id":7411,"href":"https:\/\/moustaqbel.org\/fr\/wp-json\/wp\/v2\/pages\/7408\/revisions\/7411"}],"up":[{"embeddable":true,"href":"https:\/\/moustaqbel.org\/fr\/wp-json\/wp\/v2\/pages\/7229"}],"wp:attachment":[{"href":"https:\/\/moustaqbel.org\/fr\/wp-json\/wp\/v2\/media?parent=7408"}],"curies":[{"name":"wp","href":"https:\/\/api.w.org\/{rel}","templated":true}]}}