{"id":7248,"date":"2025-01-13T22:22:06","date_gmt":"2025-01-13T22:22:06","guid":{"rendered":"https:\/\/moustaqbel.org\/accueil-moustaqbel-v2\/"},"modified":"2026-03-27T15:32:51","modified_gmt":"2026-03-27T15:32:51","slug":"accueil-moustaqbel-v2","status":"publish","type":"page","link":"https:\/\/moustaqbel.org\/fr\/","title":{"rendered":"Accueil Moustaqbel v2"},"content":{"rendered":"<div class=\"wpb-content-wrapper\"><p>[vc_row full_width=\u00a0\u00bbstretch_row_content_no_spaces\u00a0\u00bb full_height=\u00a0\u00bbyes\u00a0\u00bb css=\u00a0\u00bb.vc_custom_1738840921794{background-position: center !important;background-repeat: no-repeat !important;background-size: cover !important;}\u00a0\u00bb][vc_column][vc_raw_html css=\u00a0\u00bb\u00a0\u00bb]JTNDZGl2JTIwY2xhc3MlM0QlMjJmdWxsc2NyZWVuLXZpZGVvJTIyJTNFJTBBJTIwJTIwJTIwJTIwJTNDZGl2JTIwY2xhc3MlM0QlMjJ2aWRlby1jb250YWluZXIlMjIlM0UlMEElMjAlMjAlMjAlMjAlMjAlMjAlMjAlMjAlM0NpZnJhbWUlMjBzcmMlM0QlMjJodHRwcyUzQSUyRiUyRnd3dy55b3V0dWJlLmNvbSUyRmVtYmVkJTJGbDJvQVN3RVI0bmMlM0ZhdXRvcGxheSUzRDElMjZhbXAlM0JtdXRlJTNEMSUyNmFtcCUzQmxvb3AlM0QxJTI2YW1wJTNCcGxheWxpc3QlM0RsMm9BU3dFUjRuYyUyNmFtcCUzQmNvbnRyb2xzJTNEMCUyNmFtcCUzQnJlbCUzRDAlMjZhbXAlM0Jtb2Rlc3RicmFuZGluZyUzRDElMjZhbXAlM0JzaG93aW5mbyUzRDAlMjZhbXAlM0Jpdl9sb2FkX3BvbGljeSUzRDMlMjZhbXAlM0JmcyUzRDAlMjIlMjB0aXRsZSUzRCUyMlZpZCVDMyVBOW8lMjBNb3VzdGFxYmVsJTIyJTIwZnJhbWVib3JkZXIlM0QlMjIwJTIyJTIwYWxsb3clM0QlMjJhY2NlbGVyb21ldGVyJTNCJTIwYXV0b3BsYXklM0IlMjBlbmNyeXB0ZWQtbWVkaWElM0IlMjBneXJvc2NvcGUlM0IlMjBwaWN0dXJlLWluLXBpY3R1cmUlMjIlMjBhbGxvd2Z1bGxzY3JlZW4lM0QlMjIlMjIlM0UlMEElMjAlMjAlMjAlMjAlMjAlMjAlMjAlMjAlM0MlMkZpZnJhbWUlM0UlMEElMjAlMjAlMjAlMjAlM0MlMkZkaXYlM0UlMEElMjAlMjAlMjAlMjAlM0NkaXYlMjBjbGFzcyUzRCUyMnRpdGxlLWNvbnRhaW5lciUyMiUzRSUwQSUyMCUyMCUyMCUyMCUyMCUyMCUyMCUyMCUzQ2gyJTIwY2xhc3MlM0QlMjJtdGItaG0taDIlMjIlMjBzdHlsZSUzRCUyMnRleHQtYWxpZ24lM0ElMjBjZW50ZXIlM0IlMjIlM0VBaWRlciUyMGxlcyUyMGpldW5lcyUyMGZlbW1lcyUzQ2JyJTNFJUMzJUEwJTIwciVDMyVBOWFsaXNlciUyMGxldXJzJTIwciVDMyVBQXZlcyUzQyUyRmgyJTNFJTBBJTIwJTIwJTIwJTIwJTNDJTJGZGl2JTNFJTBBJTNDJTJGZGl2JTNF[\/vc_raw_html][\/vc_column][\/vc_row][vc_row css=\u00a0\u00bb.vc_custom_1755886553630{padding-top: 60px !important;padding-bottom: 60px !important;}\u00a0\u00bb][vc_column width=\u00a0\u00bb1\/6&Prime;][\/vc_column][vc_column width=\u00a0\u00bb2\/3&Prime;][vc_column_text css=\u00a0\u00bb\u00a0\u00bb]<strong>Aider les jeunes femmes \u00e0 r\u00e9aliser leurs r\u00eaves<\/strong><\/p>\n<p>Dar Moustaqbel (maison de l&rsquo;avenir en arabe) est une r\u00e9sidence \u00e9tudiante qui s&rsquo;efforce d&rsquo;avoir un impact social sur les \u00e9tudiantes d\u00e9favoris\u00e9es des zones rurales. Dar Moustaqbel offre aux jeunes filles, qui auraient eu du mal \u00e0 s&rsquo;en sortir autrement, une chance de poursuivre des \u00e9tudes sup\u00e9rieures.<\/p>\n<p>Notre maison est devenue un havre de paix pour 55 jeunes filles issues de villages isol\u00e9s du Maroc rural. Un lieu o\u00f9 les \u00e9tudiants peuvent prosp\u00e9rer tout en poursuivant des \u00e9tudes sup\u00e9rieures. Un tremplin pour ceux qui en ont le plus besoin.<\/p>\n<p>Moustaqbel fournit \u00e0 ses \u00e9tudiants les \u00e9l\u00e9ments de base n\u00e9cessaires \u00e0 une int\u00e9gration r\u00e9ussie dans le monde du travail. En raison des \u00e9checs des \u00e9coles publiques, les jeunes filles n&rsquo;ont souvent pas les connaissances de base n\u00e9cessaires pour entrer avec succ\u00e8s dans l&rsquo;enseignement sup\u00e9rieur. Dar Moustaqbel fait tout son possible pour aider les filles \u00e0 rattraper leur retard. L&rsquo;\u00e9ducation, la discipline et le d\u00e9veloppement personnel sont au centre des pr\u00e9occupations.[\/vc_column_text][\/vc_column][vc_column width=\u00a0\u00bb1\/6&Prime;][\/vc_column][\/vc_row][vc_row full_width=\u00a0\u00bbstretch_row_content_no_spaces\u00a0\u00bb full_height=\u00a0\u00bbyes\u00a0\u00bb][vc_column][vc_raw_html css=\u00a0\u00bb\u00a0\u00bb]JTNDZGl2JTIwY2xhc3MlM0QlMjJmdWxsc2NyZWVuLWltYWdlJTIyJTNFJTBBJTIwJTIwJTIwJTIwJTNDaW1nJTIwc3JjJTNEJTIyJTJGd3AtY29udGVudCUyRnVwbG9hZHMlMkYyMDI1JTJGMDYlMkZPbmUtZGF5LWluLURhci1Nb3VzdGFxYmVsLTIwMjUuanBnJTIyJTIwYWx0JTNEJTIyVW5lJTIwYmVsbGUlMjBpbWFnZSUyMiUyMGNsYXNzJTNEJTIyYmFja2dyb3VuZC1pbWFnZSUyMiUzRSUwQSUyMCUyMCUyMCUyMCUzQ2RpdiUyMGNsYXNzJTNEJTIydGl0bGUtY29udGFpbmVyJTIyJTNFJTBBJTA5JTA5JTNDaDIlMjBjbGFzcyUzRCUyMm10Yi1obS1oMiUyMiUyMHN0eWxlJTNEJTIydGV4dC1hbGlnbiUzQSUyMGNlbnRlciUzQiUyMiUzRVVuZSUyMGpvdXJuJUMzJUE5ZSUyMCVDMyVBMCUyMERhciUyME1vdXN0YXFiZWwlM0MlMkZoMiUzRSUwQSUyMCUyMCUyMCUyMCUzQyUyRmRpdiUzRSUwQSUzQyUyRmRpdiUzRQ==[\/vc_raw_html][\/vc_column][\/vc_row][vc_row css=\u00a0\u00bb.vc_custom_1755886553630{padding-top: 60px !important;padding-bottom: 60px !important;}\u00a0\u00bb][vc_column width=\u00a0\u00bb1\/6&Prime;][\/vc_column][vc_column width=\u00a0\u00bb2\/3&Prime;][vc_column_text css=\u00a0\u00bb\u00a0\u00bb]<strong>Une impression de certaines des activit\u00e9s de notre maison d&rsquo;\u00e9tudiants Dar Moustaqbel dans la m\u00e9dina de Marrakech.<\/strong><\/p>\n<p>D\u00e9couvrez les activit\u00e9s inspirantes qui se d\u00e9roulent dans notre maison d&rsquo;\u00e9tudiants, Dar Moustaqbel, situ\u00e9e au c\u0153ur de la vibrante m\u00e9dina de Marrakech. Des ateliers \u00e9ducatifs aux \u00e9v\u00e9nements communautaires, ces moments refl\u00e8tent la croissance et l&rsquo;ambition de nos \u00e9tudiants.<\/p>\n<p><a href=\"https:\/\/moustaqbel.org\/fr\/une-journee-a-dar-moustaqbel-2025\/\"><img loading=\"lazy\" decoding=\"async\" src=\"https:\/\/moustaqbel.org\/wp-content\/uploads\/2025\/06\/One-day-in-Dar-Moustaqbel-2025-youtube-img.jpg\" width=\"800\" height=\"454\" \/><\/a>[\/vc_column_text][\/vc_column][vc_column width=\u00a0\u00bb1\/6&Prime;][\/vc_column][\/vc_row][vc_row full_width=\u00a0\u00bbstretch_row_content_no_spaces\u00a0\u00bb full_height=\u00a0\u00bbyes\u00a0\u00bb][vc_column][vc_raw_html css=\u00a0\u00bb\u00a0\u00bb]JTNDZGl2JTIwY2xhc3MlM0QlMjJmdWxsc2NyZWVuLWltYWdlJTIyJTNFJTBBJTIwJTIwJTIwJTIwJTNDaW1nJTIwc3JjJTNEJTIyaHR0cHMlM0ElMkYlMkZtb3VzdGFxYmVsLm9yZyUyRndwLWNvbnRlbnQlMkZ1cGxvYWRzJTJGMjAyNSUyRjAxJTJGaG9tZS1ob3ctaXQtYWxsLXN0YXJ0ZWQuanBnJTIyJTIwYWx0JTNEJTIyVW5lJTIwYmVsbGUlMjBpbWFnZSUyMiUyMGNsYXNzJTNEJTIyYmFja2dyb3VuZC1pbWFnZSUyMiUzRSUwQSUyMCUyMCUyMCUyMCUzQ2RpdiUyMGNsYXNzJTNEJTIydGl0bGUtY29udGFpbmVyJTIyJTNFJTBBJTA5JTA5JTNDaDIlMjBjbGFzcyUzRCUyMm10Yi1obS1oMiUyMiUyMHN0eWxlJTNEJTIydGV4dC1hbGlnbiUzQSUyMGNlbnRlciUzQiUyMiUzRUNvbW1lbnQlMjB0b3V0JTIwYSUyMGNvbW1lbmMlQzMlQTklM0NiciUzRSUzQyUyRmgyJTNFJTBBJTIwJTIwJTIwJTIwJTNDJTJGZGl2JTNFJTBBJTNDJTJGZGl2JTNF[\/vc_raw_html][\/vc_column][\/vc_row][vc_row css=\u00a0\u00bb.vc_custom_1755886553630{padding-top: 60px !important;padding-bottom: 60px !important;}\u00a0\u00bb][vc_column width=\u00a0\u00bb1\/6&Prime;][\/vc_column][vc_column width=\u00a0\u00bb2\/3&Prime;][vc_column_text css=\u00a0\u00bb\u00a0\u00bb]<strong>Comment tout a commenc\u00e9<\/strong><\/p>\n<p><strong style=\"color: #2f7d55;\">La Fondation Moustaqbel<\/strong> a \u00e9t\u00e9 cr\u00e9\u00e9e par Hanneke Ouwehand-van Hooff en 2016. Auparavant, elle avait fait du b\u00e9n\u00e9volat dans trois internats diff\u00e9rents, pour des lyc\u00e9ennes dans les montagnes du Haut Atlas. C&rsquo;est l\u00e0 qu&rsquo;elle a vu de pr\u00e8s les besoins : \u00ab Ces filles ne seraient pas scolaris\u00e9es sans ces initiatives \u00bb.<\/p>\n<p>Cette exp\u00e9rience a incit\u00e9 Hanneke \u00e0 r\u00e9fl\u00e9chir \u00e0 ce que ces filles pourraient accomplir si on leur donnait la possibilit\u00e9 de poursuivre leurs \u00e9tudes. En ayant la possibilit\u00e9 de vivre \u00e0 Dar Moustaqbel, elles peuvent d\u00e9sormais se concentrer pleinement sur leurs \u00e9tudes et leur future vie professionnelle.[\/vc_column_text][\/vc_column][vc_column width=\u00a0\u00bb1\/6&Prime;][\/vc_column][\/vc_row][vc_row full_width=\u00a0\u00bbstretch_row_content_no_spaces\u00a0\u00bb full_height=\u00a0\u00bbyes\u00a0\u00bb][vc_column][vc_raw_html css=\u00a0\u00bb\u00a0\u00bb]JTNDZGl2JTIwY2xhc3MlM0QlMjJmdWxsc2NyZWVuLWltYWdlJTIyJTNFJTBBJTIwJTIwJTIwJTIwJTNDaW1nJTIwc3JjJTNEJTIyaHR0cHMlM0ElMkYlMkZtb3VzdGFxYmVsLm9yZyUyRndwLWNvbnRlbnQlMkZ1cGxvYWRzJTJGMjAyNSUyRjAxJTJGaG9tZS1zbGlkZS0wMy1kZWYuanBnJTIyJTIwYWx0JTNEJTIyVW5lJTIwYmVsbGUlMjBpbWFnZSUyMiUyMGNsYXNzJTNEJTIyYmFja2dyb3VuZC1pbWFnZSUyMiUzRSUwQSUyMCUyMCUyMCUyMCUzQ2RpdiUyMGNsYXNzJTNEJTIydGl0bGUtY29udGFpbmVyJTIyJTNFJTBBJTA5JTA5JTNDaDIlMjBjbGFzcyUzRCUyMm10Yi1obS1oMiUyMiUyMHN0eWxlJTNEJTIydGV4dC1hbGlnbiUzQSUyMGNlbnRlciUzQiUyMiUzRURhciUyME1vdXN0YXFiZWwlM0NiciUzRSUzQyUyRmgyJTNFJTBBJTIwJTIwJTIwJTIwJTNDJTJGZGl2JTNFJTBBJTNDJTJGZGl2JTNF[\/vc_raw_html][\/vc_column][\/vc_row][vc_row css=\u00a0\u00bb.vc_custom_1755886553630{padding-top: 60px !important;padding-bottom: 60px !important;}\u00a0\u00bb][vc_column width=\u00a0\u00bb1\/6&Prime;][\/vc_column][vc_column width=\u00a0\u00bb2\/3&Prime;][vc_column_text css=\u00a0\u00bb\u00a0\u00bb]<strong>Dar Moustaqbel<\/strong><\/p>\n<p>Derri\u00e8re une porte verte de la m\u00e9dina de Marrakech, cinquante-cinq jeunes filles vivent ensemble dans une r\u00e9sidence \u00e9tudiante, tout en poursuivant leurs \u00e9tudes dans l&rsquo;institut de leur choix. Dar Moustaqbel est un projet de logement \u00e9tudiant \u00e0 impact social. Vivre ici permet \u00e0 des jeunes filles d\u00e9favoris\u00e9es de se concentrer pleinement sur leurs \u00e9tudes. Notre salle d&rsquo;\u00e9tude est occup\u00e9e sept jours et soirs par semaine. Des centaines d&rsquo;heures de cours de fran\u00e7ais et d&rsquo;anglais en interne chaque ann\u00e9e.<\/p>\n<p>Outre l&rsquo;enseignement professionnel des langues, nous proposons des cours de statistiques et de comptabilit\u00e9, des cours d&rsquo;informatique, des cours de yoga hebdomadaires, du cyclisme et des rencontres inspirantes avec des scientifiques, des entrepreneurs, des enseignants et des \u00e9tudiants. Dar Moustaqbel a remarqu\u00e9 les effets positifs consid\u00e9rables sur les r\u00e9sultats des examens de l&rsquo;offre d&rsquo;un tutorat suppl\u00e9mentaire aux \u00e9tudiants. Ces derni\u00e8res ann\u00e9es, nous avons \u00e9tendu ces efforts.<\/p>\n<p>Notre r\u00e8glement int\u00e9rieur refl\u00e8te l&rsquo;importance de la rigueur et des bonnes habitudes. L&rsquo;utilisation des t\u00e9l\u00e9phones portables, par exemple, est limit\u00e9e. Les \u00e9l\u00e8ves se relaient pour faire la cuisine, le m\u00e9nage et la lessive, ce qui les responsabilise et leur permet d&rsquo;acqu\u00e9rir des comp\u00e9tences pratiques tout en maximisant le temps que chacun d&rsquo;entre eux consacre \u00e0 son \u00e9ducation.[\/vc_column_text][\/vc_column][vc_column width=\u00a0\u00bb1\/6&Prime;][\/vc_column][\/vc_row][vc_row full_width=\u00a0\u00bbstretch_row_content_no_spaces\u00a0\u00bb full_height=\u00a0\u00bbyes\u00a0\u00bb disable_element=\u00a0\u00bbyes\u00a0\u00bb][vc_column][vc_raw_html css=\u00a0\u00bb\u00a0\u00bb]JTNDZGl2JTIwY2xhc3MlM0QlMjJmdWxsc2NyZWVuLWltYWdlJTIyJTNFJTBBJTIwJTIwJTIwJTIwJTNDaW1nJTIwc3JjJTNEJTIyJTJGd3AtY29udGVudCUyRnVwbG9hZHMlMkYyMDI1JTJGMDIlMkZob21lLXNsaWRlLTA0LWRlZi5qcGclMjIlMjBhbHQlM0QlMjJVbmUlMjBiZWxsZSUyMGltYWdlJTIyJTIwY2xhc3MlM0QlMjJiYWNrZ3JvdW5kLWltYWdlJTIyJTNFJTBBJTIwJTIwJTIwJTIwJTNDZGl2JTIwY2xhc3MlM0QlMjJ0aXRsZS1jb250YWluZXIlMjIlM0UlMEElMDklMDklM0NoMiUyMGNsYXNzJTNEJTIybXRiLWhtLWgyJTIyJTIwc3R5bGUlM0QlMjJ0ZXh0LWFsaWduJTNBJTIwY2VudGVyJTNCJTIyJTNFRGFyJTIwTW91c3RhcWJlbCUzQ2JyJTNFTWFzdGVyaG91c2UlM0MlMkZoMiUzRSUwQSUyMCUyMCUyMCUyMCUzQyUyRmRpdiUzRSUwQSUzQyUyRmRpdiUzRQ==[\/vc_raw_html][\/vc_column][\/vc_row][vc_row disable_element=\u00a0\u00bbyes\u00a0\u00bb css=\u00a0\u00bb.vc_custom_1774625433821{padding-top: 60px !important;padding-bottom: 60px !important;}\u00a0\u00bb][vc_column width=\u00a0\u00bb1\/6&Prime;][\/vc_column][vc_column width=\u00a0\u00bb2\/3&Prime;][vc_column_text css=\u00a0\u00bb\u00a0\u00bb]<strong>Maison de ma\u00eetre Dar Moustaqbel<\/strong><\/p>\n<p><strong style=\"color: #2f7d55;\">Strat\u00e9giquement situ\u00e9 entre plusieurs facult\u00e9s universitaires<\/strong>, notre Masterhouse est la suite logique de Dar Moustaqbel dans l&rsquo;ancienne m\u00e9dina de Marrakech. Vingt-cinq \u00e9tudiants avanc\u00e9s, suivant un master ou effectuant un stage apr\u00e8s avoir obtenu leur dipl\u00f4me, vivent ici en relative autonomie. Certains sont \u00e0 la recherche d&rsquo;un premier emploi.<\/p>\n<p>Ils dorment, mangent, \u00e9tudient et participent aux cours et activit\u00e9s internes. Le programme d&rsquo;activit\u00e9s pour ces \u00e9tudiants est adapt\u00e9 \u00e0 leur situation, avec par exemple un cours intitul\u00e9 \u00ab Trouver un emploi est un emploi \u00bb et des cours de langue avanc\u00e9s ax\u00e9s sur l&rsquo;utilisation de la langue professionnelle.<\/p>\n<p>L&rsquo;objectif de notre Masterhouse Dar Moustaqbel Issil est d&rsquo;offrir \u00e0 nos \u00e9tudiants la possibilit\u00e9 de poursuivre leur parcours scolaire ou de rechercher un emploi ou un stage apr\u00e8s avoir obtenu un dipl\u00f4me de formation continue. Pourquoi ? Parce que de nombreux \u00e9tudiants risquent de retourner dans leur village d&rsquo;origine sans avoir la possibilit\u00e9 de trouver un emploi, simplement parce qu&rsquo;ils n&rsquo;ont pas les moyens de rester en ville.<\/p>\n<p>Le processus de s\u00e9lection est tr\u00e8s strict. Seuls les \u00e9tudiants ayant un bon projet et un parcours qui prouve leur engagement dans leur carri\u00e8re, ainsi qu&rsquo;une situation financi\u00e8re fragile, sont s\u00e9lectionn\u00e9s. Il peut s&rsquo;agir d&rsquo;un \u00e9tudiant titulaire d&rsquo;une licence qui poss\u00e8de toutes les capacit\u00e9s n\u00e9cessaires pour obtenir un dipl\u00f4me de master, d&rsquo;un ancien \u00e9tudiant qui se pr\u00e9pare \u00e0 passer un examen d&rsquo;\u00c9tat pour devenir professeur titulaire dans le secondaire ou d&rsquo;anciens \u00e9tudiants brillants qui souhaitent renforcer leur position de d\u00e9part sur le march\u00e9 du travail en effectuant un stage de longue dur\u00e9e.[\/vc_column_text][\/vc_column][vc_column width=\u00a0\u00bb1\/6&Prime;][\/vc_column][\/vc_row][vc_row full_width=\u00a0\u00bbstretch_row_content_no_spaces\u00a0\u00bb full_height=\u00a0\u00bbyes\u00a0\u00bb][vc_column][vc_raw_html css=\u00a0\u00bb\u00a0\u00bb]JTNDZGl2JTIwY2xhc3MlM0QlMjJmdWxsc2NyZWVuLWltYWdlJTIyJTNFJTBBJTIwJTIwJTIwJTIwJTNDaW1nJTIwc3JjJTNEJTIyJTJGd3AtY29udGVudCUyRnVwbG9hZHMlMkYyMDI1JTJGMDIlMkZob21lLXNsaWRlLTA3LWRlZi5qcGclMjIlMjBhbHQlM0QlMjJVbmUlMjBiZWxsZSUyMGltYWdlJTIyJTIwY2xhc3MlM0QlMjJiYWNrZ3JvdW5kLWltYWdlJTIyJTNFJTBBJTIwJTIwJTIwJTIwJTNDZGl2JTIwY2xhc3MlM0QlMjJ0aXRsZS1jb250YWluZXIlMjIlM0UlMEElMDklMDklM0NoMiUyMGNsYXNzJTNEJTIybXRiLWhtLWgyJTIyJTIwc3R5bGUlM0QlMjJ0ZXh0LWFsaWduJTNBJTIwY2VudGVyJTNCJTIyJTNFQWNjb21wbGklM0MlMkZoMiUzRSUwQSUyMCUyMCUyMCUyMCUzQyUyRmRpdiUzRSUwQSUzQyUyRmRpdiUzRQ==[\/vc_raw_html][\/vc_column][\/vc_row][vc_row css=\u00a0\u00bb.vc_custom_1755886553630{padding-top: 60px !important;padding-bottom: 60px !important;}\u00a0\u00bb][vc_column width=\u00a0\u00bb1\/6&Prime;][\/vc_column][vc_column width=\u00a0\u00bb2\/3&Prime;][vc_column_text css=\u00a0\u00bb\u00a0\u00bb]<strong>Accompli<\/strong><\/p>\n<p><strong style=\"color: #2f7d55;\">Dar Moustaqbel est devenu un foyer remarquable avec une forte culture de solidarit\u00e9<\/strong>, de curiosit\u00e9, de connaissance, d&rsquo;opportunit\u00e9s et de comp\u00e9tences sociales. Notre \u00e9quipe de professionnels soutient les \u00e9tudiants de diverses mani\u00e8res. Nos enseignants dispensent un enseignement de qualit\u00e9 \u00e0 des jeunes femmes d\u00e9favoris\u00e9es, leur permettant de rattraper leurs lacunes et de d\u00e9velopper des comp\u00e9tences importantes. Cela am\u00e9liore manifestement leurs chances sur le march\u00e9 du travail. Ces efforts ont port\u00e9 leurs fruits.<\/p>\n<p><strong>INFOGRAPHIE<\/strong><br \/>\n50 dipl\u00f4m\u00e9s<br \/>\n43 dipl\u00f4m\u00e9s ayant un emploi bien r\u00e9mun\u00e9r\u00e9<br \/>\n20 \u00e9tudiants poursuivant un master<\/p>\n<p>Une \u00e9valuation du niveau de satisfaction et de l&rsquo;\u00e9volution de nos \u00e9tudiants a \u00e9t\u00e9 men\u00e9e par la sociologue B\u00e9atrice Lecestre-Rollier de l&rsquo;Universit\u00e9 de Paris : \u00ab\u00a0Tous les \u00e9tudiants sont extr\u00eamement satisfaits de leur foyer, et chaque \u00e9tudiante croit fermement que ses comp\u00e9tences se sont consid\u00e9rablement am\u00e9lior\u00e9es gr\u00e2ce \u00e0 Dar Moustaqbel\u00a0\u00bb. LA CARAVANE DE L&rsquo;ORIENTATION Dans le cadre de ce projet, nos \u00e9tudiants visitent des \u00e9coles et des internats dans les r\u00e9gions d\u00e9favoris\u00e9es du sud du Maroc. Les jeunes en fin de scolarit\u00e9 re\u00e7oivent les informations n\u00e9cessaires pour choisir leur future voie de formation. Nos \u00e9tudiants ont visit\u00e9 de nombreux villages, de Tata \u00e0 Taroudant et d&rsquo;Iznaguen \u00e0 Smimou, touchant ainsi des milliers de jeunes.<\/p>\n<p>Nos \u00e9tudiants d\u00e9veloppent de nouvelles comp\u00e9tences et partagent leurs exp\u00e9riences avec des \u00e9l\u00e8ves qui n&rsquo;ont souvent aucune id\u00e9e du choix d&rsquo;\u00e9tudes qui leur conviendrait. Ils peuvent d\u00e9sormais prendre une d\u00e9cision en toute connaissance de cause. Jusqu&rsquo;\u00e0 pr\u00e9sent, la Caravane de l&rsquo;orientation a touch\u00e9 pr\u00e8s de 3 000 lyc\u00e9ens. Chaque ann\u00e9e, nos \u00e9tudiants s&rsquo;efforcent de toucher le plus grand nombre d&rsquo;\u00e9l\u00e8ves possible et de les aider \u00e0 se pr\u00e9parer \u00e0 l&rsquo;un des choix les plus importants de leur vie.[\/vc_column_text][\/vc_column][vc_column width=\u00a0\u00bb1\/6&Prime;][\/vc_column][\/vc_row]<\/p>\n<\/div>","protected":false},"excerpt":{"rendered":"<p>[vc_row full_width=\u00a0\u00bbstretch_row_content_no_spaces\u00a0\u00bb full_height=\u00a0\u00bbyes\u00a0\u00bb css=\u00a0\u00bb.vc_custom_1738840921794{background-position: center !important;background-repeat: no-repeat !important;background-size: cover !important;}\u00a0\u00bb][vc_column][vc_raw_html css=\u00a0\u00bb\u00a0\u00bb]JTNDZGl2JTIwY2xhc3MlM0QlMjJmdWxsc2NyZWVuLXZpZGVvJTIyJTNFJTBBJTIwJTIwJTIwJTIwJTNDZGl2JTIwY2xhc3MlM0QlMjJ2aWRlby1jb250YWluZXIlMjIlM0UlMEElMjAlMjAlMjAlMjAlMjAlMjAlMjAlMjAlM0NpZnJhbWUlMjBzcmMlM0QlMjJodHRwcyUzQSUyRiUyRnd3dy55b3V0dWJlLmNvbSUyRmVtYmVkJTJGbDJvQVN3RVI0bmMlM0ZhdXRvcGxheSUzRDElMjZhbXAlM0JtdXRlJTNEMSUyNmFtcCUzQmxvb3AlM0QxJTI2YW1wJTNCcGxheWxpc3QlM0RsMm9BU3dFUjRuYyUyNmFtcCUzQmNvbnRyb2xzJTNEMCUyNmFtcCUzQnJlbCUzRDAlMjZhbXAlM0Jtb2Rlc3RicmFuZGluZyUzRDElMjZhbXAlM0JzaG93aW5mbyUzRDAlMjZhbXAlM0Jpdl9sb2FkX3BvbGljeSUzRDMlMjZhbXAlM0JmcyUzRDAlMjIlMjB0aXRsZSUzRCUyMlZpZCVDMyVBOW8lMjBNb3VzdGFxYmVsJTIyJTIwZnJhbWVib3JkZXIlM0QlMjIwJTIyJTIwYWxsb3clM0QlMjJhY2NlbGVyb21ldGVyJTNCJTIwYXV0b3BsYXklM0IlMjBlbmNyeXB0ZWQtbWVkaWElM0IlMjBneXJvc2NvcGUlM0IlMjBwaWN0dXJlLWluLXBpY3R1cmUlMjIlMjBhbGxvd2Z1bGxzY3JlZW4lM0QlMjIlMjIlM0UlMEElMjAlMjAlMjAlMjAlMjAlMjAlMjAlMjAlM0MlMkZpZnJhbWUlM0UlMEElMjAlMjAlMjAlMjAlM0MlMkZkaXYlM0UlMEElMjAlMjAlMjAlMjAlM0NkaXYlMjBjbGFzcyUzRCUyMnRpdGxlLWNvbnRhaW5lciUyMiUzRSUwQSUyMCUyMCUyMCUyMCUyMCUyMCUyMCUyMCUzQ2gyJTIwY2xhc3MlM0QlMjJtdGItaG0taDIlMjIlMjBzdHlsZSUzRCUyMnRleHQtYWxpZ24lM0ElMjBjZW50ZXIlM0IlMjIlM0VBaWRlciUyMGxlcyUyMGpldW5lcyUyMGZlbW1lcyUzQ2JyJTNFJUMzJUEwJTIwciVDMyVBOWFsaXNlciUyMGxldXJzJTIwciVDMyVBQXZlcyUzQyUyRmgyJTNFJTBBJTIwJTIwJTIwJTIwJTNDJTJGZGl2JTNFJTBBJTNDJTJGZGl2JTNF[\/vc_raw_html][\/vc_column][\/vc_row][vc_row css=\u00a0\u00bb.vc_custom_1755886553630{padding-top: 60px !important;padding-bottom: 60px !important;}\u00a0\u00bb][vc_column width=\u00a0\u00bb1\/6&Prime;][\/vc_column][vc_column width=\u00a0\u00bb2\/3&Prime;][vc_column_text css=\u00a0\u00bb\u00a0\u00bb]Aider les jeunes femmes \u00e0 r\u00e9aliser leurs r\u00eaves Dar Moustaqbel (maison de [&hellip;]<\/p>\n","protected":false},"author":990003,"featured_media":0,"parent":0,"menu_order":0,"comment_status":"closed","ping_status":"closed","template":"","meta":{"give_campaign_id":0,"footnotes":""},"class_list":["post-7248","page","type-page","status-publish","hentry"],"campaignId":"","_links":{"self":[{"href":"https:\/\/moustaqbel.org\/fr\/wp-json\/wp\/v2\/pages\/7248","targetHints":{"allow":["GET"]}}],"collection":[{"href":"https:\/\/moustaqbel.org\/fr\/wp-json\/wp\/v2\/pages"}],"about":[{"href":"https:\/\/moustaqbel.org\/fr\/wp-json\/wp\/v2\/types\/page"}],"author":[{"embeddable":true,"href":"https:\/\/moustaqbel.org\/fr\/wp-json\/wp\/v2\/users\/990003"}],"replies":[{"embeddable":true,"href":"https:\/\/moustaqbel.org\/fr\/wp-json\/wp\/v2\/comments?post=7248"}],"version-history":[{"count":9,"href":"https:\/\/moustaqbel.org\/fr\/wp-json\/wp\/v2\/pages\/7248\/revisions"}],"predecessor-version":[{"id":7831,"href":"https:\/\/moustaqbel.org\/fr\/wp-json\/wp\/v2\/pages\/7248\/revisions\/7831"}],"wp:attachment":[{"href":"https:\/\/moustaqbel.org\/fr\/wp-json\/wp\/v2\/media?parent=7248"}],"curies":[{"name":"wp","href":"https:\/\/api.w.org\/{rel}","templated":true}]}}