{"id":7211,"date":"2025-01-13T22:22:06","date_gmt":"2025-01-13T22:22:06","guid":{"rendered":"https:\/\/moustaqbel.org\/contact\/"},"modified":"2025-06-18T09:41:40","modified_gmt":"2025-06-18T09:41:40","slug":"contact","status":"publish","type":"page","link":"https:\/\/moustaqbel.org\/fr\/contact\/","title":{"rendered":"Contact"},"content":{"rendered":"<div class=\"wpb-content-wrapper\"><p>[vc_row full_width=\u00a0\u00bbstretch_row\u00a0\u00bb inverse=\u00a0\u00bb\u00a0\u00bb css=\u00a0\u00bb.vc_custom_1737448279143{margin-bottom: 20px !important;background-image: url(https:\/\/moustaqbel.org\/wp-content\/uploads\/2025\/01\/header-contact-def3.jpg?id=6056) !important;background-position: center !important;background-repeat: no-repeat !important;background-size: cover !important;}\u00a0\u00bb el_class=\u00a0\u00bbmtb-cnt-bttm mtb-header-banner\u00a0\u00bb][vc_column css=\u00a0\u00bb.vc_custom_1731422519776{padding-bottom: 5% !important;}\u00a0\u00bb][vc_column_text css=\u00a0\u00bb\u00a0\u00bb]<\/p>\n<h1 class=\"mtb-h2\" style=\"text-align: center;\">CONTACT<\/h1>\n<p>[\/vc_column_text][\/vc_column][\/vc_row][vc_row el_class=\u00a0\u00bbcontact_us\u00a0\u00bb css=\u00a0\u00bb.vc_custom_1560767629517{padding-top: 5.4rem !important;padding-bottom: 8rem !important;}\u00a0\u00bb][vc_column width=\u00a0\u00bb5\/12&Prime; el_class=\u00a0\u00bbsc_form\u00a0\u00bb]<h4 class=\"sc_title sc_title_regular sc_align_left margin_top_null\" style=\"text-align:left;\" data-animation=\"animated  normal\">Contact Info<\/h4>[vc_row_inner][vc_column_inner width=\u00a0\u00bb1\/2&Prime;][vc_column_text css=\u00a0\u00bb\u00a0\u00bb]<strong>Dar Moustaqbel<\/strong><br \/>\nDerb Jdid, Lksour<br \/>\nMedina Marrakech<br \/>\ndar@moustaqbel.org<br \/>\nTel : +212 7812 091 58[\/vc_column_text][\/vc_column_inner][vc_column_inner width=\u00a0\u00bb1\/2&Prime;][vc_column_text css=\u00a0\u00bb\u00a0\u00bb]<strong>Dar Moustaqbel<\/strong><br \/>\nBloemgracht 38 H<br \/>\n1015 TK Amsterdam<br \/>\nhanneke@moustaqbel.org<br \/>\nTel : +31 06 2013 4439[\/vc_column_text][\/vc_column_inner][\/vc_row_inner]<h4 class=\"sc_title sc_title_regular sc_align_left\" style=\"text-align:left;\" data-animation=\"animated  normal\">Newslettter<\/h4>[vc_column_text css=\u00a0\u00bb\u00a0\u00bb][\/vc_column_text]<h4 class=\"sc_title sc_title_regular sc_align_left\" style=\"text-align:left;\" data-animation=\"animated  normal\">Information<\/h4>[vc_column_text css=\u00a0\u00bb\u00a0\u00bb]Merci de nous avoir contact\u00e9s. Nous nous effor\u00e7ons de r\u00e9pondre \u00e0 tous les courriels dans les deux jours ouvrables. Vos questions, vos commentaires et vos suggestions sont importants pour nous et nous nous engageons \u00e0 vous fournir la meilleure assistance possible. Si votre demande est urgente, n&rsquo;h\u00e9sitez pas \u00e0 nous contacter par t\u00e9l\u00e9phone. Nous vous remercions de votre patience et nous nous r\u00e9jouissons de pouvoir vous aider.[\/vc_column_text]<h4 class=\"sc_title sc_title_regular sc_align_left\" style=\"text-align:left;\" data-animation=\"animated  normal\">Stay Social<\/h4>[vc_row_inner disable_element=\u00a0\u00bbyes\u00a0\u00bb][vc_column_inner][vc_column_text css=\u00a0\u00bb\u00a0\u00bb]<\/p>\n<div class=\"sc_form_address_field\"><span class=\"sc_form_address_label\">Adresse :<\/span> <span class=\"sc_form_address_data\">Bloemgracht 38H, 1015 TK, Amsterdam, NL<\/span><\/div>\n<div class=\"sc_form_address_field\"><span class=\"sc_form_address_label\">Appelez-nous : <\/span><span class=\"sc_form_address_data\"><a href=\"tel:+31620134439\">+31 6 20134439<\/a><\/span><\/div>\n<div class=\"sc_form_address_field\"><span class=\"sc_form_address_label\">Adresse :<\/span> <span class=\"sc_form_address_data\">Quartier Laksour, M\u00e9dina, Marrakech<\/span><\/div>\n<div class=\"sc_form_address_field\"><span class=\"sc_form_address_label\">Appelez-nous : <\/span><span class=\"sc_form_address_data\"><a href=\"tel:+212%20781%20209%20158\">+212 781 209 158<\/a><\/span><\/div>\n<div class=\"sc_form_address_field\"><\/div>\n<div class=\"sc_form_address_field\"><span class=\"sc_form_address_label\">Courriel : <\/span><span class=\"sc_form_address_data\"><a href=\"mailto:dar@moustaqbel.org\">dar@moustaqbel.org<\/a><\/span><\/div>\n<p>[\/vc_column_text][\/vc_column_inner][\/vc_row_inner][\/vc_column][vc_column width=\u00a0\u00bb7\/12&Prime;]\n<div class=\"wpcf7 no-js\" id=\"wpcf7-f7291-o1\" lang=\"fr-FR\" dir=\"ltr\" data-wpcf7-id=\"7291\">\n<div class=\"screen-reader-response\"><p role=\"status\" aria-live=\"polite\" aria-atomic=\"true\"><\/p> <ul><\/ul><\/div>\n<form action=\"\/fr\/wp-json\/wp\/v2\/pages\/7211#wpcf7-f7291-o1\" method=\"post\" class=\"wpcf7-form init\" aria-label=\"Formulaire de contact\" novalidate=\"novalidate\" data-status=\"init\">\n<fieldset class=\"hidden-fields-container\"><input type=\"hidden\" name=\"_wpcf7\" value=\"7291\" \/><input type=\"hidden\" name=\"_wpcf7_version\" value=\"6.1.5\" \/><input type=\"hidden\" name=\"_wpcf7_locale\" value=\"fr_FR\" \/><input type=\"hidden\" name=\"_wpcf7_unit_tag\" value=\"wpcf7-f7291-o1\" \/><input type=\"hidden\" name=\"_wpcf7_container_post\" value=\"0\" \/><input type=\"hidden\" name=\"_wpcf7_posted_data_hash\" value=\"\" \/>\n<\/fieldset>\n<div class=\"itm row\"><span class=\"wpcf7-form-control-wrap\" data-name=\"your-name\"><input size=\"40\" maxlength=\"400\" class=\"wpcf7-form-control wpcf7-text wpcf7-validates-as-required\" aria-required=\"true\" aria-invalid=\"false\" placeholder=\"Nom*\" value=\"\" type=\"text\" name=\"your-name\" \/><\/span><\/div> \n<div class=\"itm row\"><span class=\"wpcf7-form-control-wrap\" data-name=\"your-email\"><input size=\"40\" maxlength=\"400\" class=\"wpcf7-form-control wpcf7-email wpcf7-validates-as-required wpcf7-text wpcf7-validates-as-email\" aria-required=\"true\" aria-invalid=\"false\" placeholder=\"E-mail*\" value=\"\" type=\"email\" name=\"your-email\" \/><\/span><\/div>\n<div class=\"row\"><span class=\"wpcf7-form-control-wrap\" data-name=\"your-subject\"><input size=\"40\" maxlength=\"400\" class=\"wpcf7-form-control wpcf7-text\" aria-invalid=\"false\" placeholder=\"Sujet\" value=\"\" type=\"text\" name=\"your-subject\" \/><\/span><\/div>\n<div class=\"\"><span class=\"wpcf7-form-control-wrap\" data-name=\"your-message\"><textarea cols=\"40\" rows=\"10\" maxlength=\"2000\" class=\"wpcf7-form-control wpcf7-textarea\" aria-invalid=\"false\" placeholder=\"Message\" name=\"your-message\"><\/textarea><\/span><\/div>\n<div class=\"tes\"><div id=\"cf7sr-69de6ee69198b\" class=\"cf7sr-g-recaptcha\" data-theme=\"light\" data-type=\"image\" data-size=\"normal\" data-sitekey=\"6LeK7BwsAAAAALzvJlAYcRgULUvTH6msNAmFG-OW\"><\/div><span class=\"wpcf7-form-control-wrap cf7sr-recaptcha\" data-name=\"cf7sr-recaptcha\"><input type=\"hidden\" name=\"cf7sr-recaptcha\" value=\"\" class=\"wpcf7-form-control\"><\/span><\/div>\n<div><span class=\"wpcf7-form-control-wrap\" data-name=\"acceptance-150\"><span class=\"wpcf7-form-control wpcf7-acceptance\"><span class=\"wpcf7-list-item\"><label><input type=\"checkbox\" name=\"acceptance-150\" value=\"1\" aria-invalid=\"false\" \/><span class=\"wpcf7-list-item-label\">J'accepte que les donn\u00e9es que j'ai fournies soient collect\u00e9es et stock\u00e9es.<\/span><\/label><\/span><\/span><\/span><\/div> \n<div class=\"sc_form_field sc_form_field_button sc_form_field_submit\"><input class=\"wpcf7-form-control wpcf7-submit has-spinner\" type=\"submit\" value=\"Envoyer un message\" \/><\/div><input type='hidden' class='wpcf7-pum' value='{\"closepopup\":false,\"closedelay\":0,\"openpopup\":false,\"openpopup_id\":0}' \/><div class=\"wpcf7-response-output\" aria-hidden=\"true\"><\/div>\n<\/form>\n<\/div>\n[\/vc_column][\/vc_row]<\/p>\n<\/div>","protected":false},"excerpt":{"rendered":"<p>[vc_row full_width=\u00a0\u00bbstretch_row\u00a0\u00bb inverse=\u00a0\u00bb\u00a0\u00bb css=\u00a0\u00bb.vc_custom_1737448279143{margin-bottom: 20px !important;background-image: url(https:\/\/moustaqbel.org\/wp-content\/uploads\/2025\/01\/header-contact-def3.jpg?id=6056) !important;background-position: center !important;background-repeat: no-repeat !important;background-size: cover !important;}\u00a0\u00bb el_class=\u00a0\u00bbmtb-cnt-bttm mtb-header-banner\u00a0\u00bb][vc_column css=\u00a0\u00bb.vc_custom_1731422519776{padding-bottom: 5% !important;}\u00a0\u00bb][vc_column_text css=\u00a0\u00bb\u00a0\u00bb] CONTACT [\/vc_column_text][\/vc_column][\/vc_row][vc_row el_class=\u00a0\u00bbcontact_us\u00a0\u00bb css=\u00a0\u00bb.vc_custom_1560767629517{padding-top: 5.4rem !important;padding-bottom: 8rem !important;}\u00a0\u00bb][vc_column width=\u00a0\u00bb5\/12&Prime; el_class=\u00a0\u00bbsc_form\u00a0\u00bb][vc_row_inner][vc_column_inner [&hellip;]<\/p>\n","protected":false},"author":990003,"featured_media":0,"parent":0,"menu_order":0,"comment_status":"closed","ping_status":"closed","template":"","meta":{"give_campaign_id":0,"footnotes":""},"class_list":["post-7211","page","type-page","status-publish","hentry"],"campaignId":"","_links":{"self":[{"href":"https:\/\/moustaqbel.org\/fr\/wp-json\/wp\/v2\/pages\/7211","targetHints":{"allow":["GET"]}}],"collection":[{"href":"https:\/\/moustaqbel.org\/fr\/wp-json\/wp\/v2\/pages"}],"about":[{"href":"https:\/\/moustaqbel.org\/fr\/wp-json\/wp\/v2\/types\/page"}],"author":[{"embeddable":true,"href":"https:\/\/moustaqbel.org\/fr\/wp-json\/wp\/v2\/users\/990003"}],"replies":[{"embeddable":true,"href":"https:\/\/moustaqbel.org\/fr\/wp-json\/wp\/v2\/comments?post=7211"}],"version-history":[{"count":1,"href":"https:\/\/moustaqbel.org\/fr\/wp-json\/wp\/v2\/pages\/7211\/revisions"}],"predecessor-version":[{"id":7216,"href":"https:\/\/moustaqbel.org\/fr\/wp-json\/wp\/v2\/pages\/7211\/revisions\/7216"}],"wp:attachment":[{"href":"https:\/\/moustaqbel.org\/fr\/wp-json\/wp\/v2\/media?parent=7211"}],"curies":[{"name":"wp","href":"https:\/\/api.w.org\/{rel}","templated":true}]}}