{"id":7189,"date":"2025-01-13T22:22:06","date_gmt":"2025-01-13T22:22:06","guid":{"rendered":"https:\/\/moustaqbel.org\/faire-un-don\/"},"modified":"2025-06-18T09:41:18","modified_gmt":"2025-06-18T09:41:18","slug":"faire-un-don","status":"publish","type":"page","link":"https:\/\/moustaqbel.org\/fr\/faire-un-don\/","title":{"rendered":"Faire un don"},"content":{"rendered":"<div class=\"wpb-content-wrapper\"><p>[vc_row full_width=\u00a0\u00bbstretch_row\u00a0\u00bb content_placement=\u00a0\u00bbmiddle\u00a0\u00bb inverse=\u00a0\u00bb\u00a0\u00bb css=\u00a0\u00bb.vc_custom_1737732199048{margin-bottom: 20px !important;background-image: url(https:\/\/moustaqbel.org\/wp-content\/uploads\/2024\/11\/donate-header.jpg?id=5383) !important;background-position: center !important;background-repeat: no-repeat !important;background-size: cover !important;}\u00a0\u00bb el_class=\u00a0\u00bbmtb-cnt-bttm mtb-pg-head\u00a0\u00bb][vc_column css=\u00a0\u00bb.vc_custom_1731422519776{padding-bottom: 5% !important;}\u00a0\u00bb][vc_column_text css=\u00a0\u00bb\u00a0\u00bb]<\/p>\n<h1 class=\"mtb-h2-dnt\" style=\"text-align: center;\">SOUTENEZ-LES MAINTENANT<\/h1>\n<p>[\/vc_column_text][\/vc_column][\/vc_row][vc_row content_placement=\u00a0\u00bbmiddle\u00a0\u00bb css=\u00a0\u00bb.vc_custom_1737732190475{padding-bottom: 20px !important;}\u00a0\u00bb][vc_column][vc_column_text css=\u00a0\u00bb.vc_custom_1732721259059{padding-top: 0px !important;padding-bottom: 10px !important;}\u00a0\u00bb el_class=\u00a0\u00bbmtb-h3-who\u00a0\u00bb]<\/p>\n<h3 style=\"text-align: center;\">Vue d&rsquo;ensemble des dons<\/h3>\n<p>[\/vc_column_text][vc_separator color=\u00a0\u00bbcustom\u00a0\u00bb border_width=\u00a0\u00bb4&Prime; el_width=\u00a0\u00bb30&Prime; css=\u00a0\u00bb.vc_custom_1732720980069{padding-bottom: 20px !important;}\u00a0\u00bb accent_color=\u00a0\u00bb#408e6a\u00a0\u00bb][vc_row_inner content_placement=\u00a0\u00bbmiddle\u00a0\u00bb][vc_column_inner width=\u00a0\u00bb1\/6&Prime;][\/vc_column_inner][vc_column_inner width=\u00a0\u00bb2\/3&Prime;][vc_column_text css=\u00a0\u00bb\u00a0\u00bb]<\/p>\n<p style=\"text-align: center;\">La fondation Moustaqbel aide les jeunes femmes des r\u00e9gions isol\u00e9es du sud du Maroc \u00e0 poursuivre leurs \u00e9tudes apr\u00e8s le lyc\u00e9e. L&rsquo;\u00e9ducation ne s&rsquo;acquiert pas du jour au lendemain. Elle n\u00e9cessite un investissement soutenu et beaucoup de pers\u00e9v\u00e9rance. C&rsquo;est pourquoi nos \u00e9l\u00e8ves b\u00e9n\u00e9ficient le plus de dons mensuels ou pluriannuels.   <\/p>\n<p>[\/vc_column_text][\/vc_column_inner][vc_column_inner width=\u00a0\u00bb1\/6&Prime;][\/vc_column_inner][\/vc_row_inner][\/vc_column][\/vc_row][vc_row css=\u00a0\u00bb.vc_custom_1737062067306{padding-top: 20px !important;padding-bottom: 20px !important;}\u00a0\u00bb][vc_column width=\u00a0\u00bb1\/4&Prime;][vc_column_text css=\u00a0\u00bb\u00a0\u00bb]<div class=\"give-wrap\"><div class=\"give-grid give-grid--1\">\n<div class=\"give-grid__item\">\n\t\t<div class=\"give-card__body\">\n            <div class=\"give-card__media\"><img loading=\"lazy\" decoding=\"async\" width=\"300\" height=\"225\" src=\"https:\/\/moustaqbel.org\/wp-content\/uploads\/2024\/11\/One-Time-Donation-300x225.jpg\" class=\"attachment-medium size-medium\" alt=\"\" srcset=\"https:\/\/moustaqbel.org\/wp-content\/uploads\/2024\/11\/One-Time-Donation-300x225.jpg 300w, https:\/\/moustaqbel.org\/wp-content\/uploads\/2024\/11\/One-Time-Donation-768x576.jpg 768w, https:\/\/moustaqbel.org\/wp-content\/uploads\/2024\/11\/One-Time-Donation.jpg 800w\" sizes=\"auto, (max-width: 300px) 100vw, 300px\" \/><\/div>\t\t\t<h4 class=\"give-card__title\"><a href=\"https:\/\/moustaqbel.org\/fr\/donations\/don-unique\/\">Don unique<\/a><\/h4><p class=\"give-card__text\">Votre don unique permet de fournir aux jeunes femmes du Maroc l'\u00e9ducation et le soutien dont\u2026<\/p>\n            <a class=\"more-link theme_button\" href=\"https:\/\/moustaqbel.org\/fr\/donations\/don-unique\/\">Donate<\/a>\n        <\/div>\n\t<\/div>\n<\/div><!-- .give-grid --><div class=\"give-page-numbers\"><\/div><\/div><!-- .give-wrap -->[\/vc_column_text][\/vc_column][vc_column width=\u00a0\u00bb1\/4&Prime;][vc_column_text css=\u00a0\u00bb\u00a0\u00bb]<div class=\"give-wrap\"><div class=\"give-grid give-grid--1\">\n<div class=\"give-grid__item\">\n\t\t<div class=\"give-card__body\">\n            <div class=\"give-card__media\"><img loading=\"lazy\" decoding=\"async\" width=\"300\" height=\"225\" src=\"https:\/\/moustaqbel.org\/wp-content\/uploads\/2024\/11\/One-Student-One-Year-def-300x225.jpg\" class=\"attachment-medium size-medium\" alt=\"One Student One Year - Moustaqbel\" srcset=\"https:\/\/moustaqbel.org\/wp-content\/uploads\/2024\/11\/One-Student-One-Year-def-300x225.jpg 300w, https:\/\/moustaqbel.org\/wp-content\/uploads\/2024\/11\/One-Student-One-Year-def-768x576.jpg 768w, https:\/\/moustaqbel.org\/wp-content\/uploads\/2024\/11\/One-Student-One-Year-def.jpg 800w\" sizes=\"auto, (max-width: 300px) 100vw, 300px\" \/><\/div>\t\t\t<h4 class=\"give-card__title\"><a href=\"https:\/\/moustaqbel.org\/fr\/donations\/un-etudiant-une-annee\/\">Un \u00e9tudiant, une ann\u00e9e<\/a><\/h4><p class=\"give-card__text\">Investissez dans l'avenir des jeunes femmes au Maroc Dar Moustaqbel offre aux filles des villages de\u2026<\/p>\n            <a class=\"more-link theme_button\" href=\"https:\/\/moustaqbel.org\/fr\/donations\/un-etudiant-une-annee\/\">Donate<\/a>\n        <\/div>\n\t<\/div>\n<\/div><!-- .give-grid --><div class=\"give-page-numbers\"><\/div><\/div><!-- .give-wrap -->[\/vc_column_text][\/vc_column][vc_column width=\u00a0\u00bb1\/4&Prime;][vc_column_text css=\u00a0\u00bb\u00a0\u00bb]<div class=\"give-wrap\"><div class=\"give-grid give-grid--1\">\n<div class=\"give-grid__item\">\n\t\t<div class=\"give-card__body\">\n            <div class=\"give-card__media\"><img loading=\"lazy\" decoding=\"async\" width=\"300\" height=\"225\" src=\"https:\/\/moustaqbel.org\/wp-content\/uploads\/2024\/11\/Monthly-donations-1-300x225.jpg\" class=\"attachment-medium size-medium\" alt=\"\" srcset=\"https:\/\/moustaqbel.org\/wp-content\/uploads\/2024\/11\/Monthly-donations-1-300x225.jpg 300w, https:\/\/moustaqbel.org\/wp-content\/uploads\/2024\/11\/Monthly-donations-1-768x576.jpg 768w, https:\/\/moustaqbel.org\/wp-content\/uploads\/2024\/11\/Monthly-donations-1.jpg 800w\" sizes=\"auto, (max-width: 300px) 100vw, 300px\" \/><\/div>\t\t\t<h4 class=\"give-card__title\"><a href=\"https:\/\/moustaqbel.org\/fr\/donations\/don-mensuel\/\">Don mensuel<\/a><\/h4><p class=\"give-card__text\">Votre soutien mensuel permet aux jeunes femmes du Maroc d'avoir un acc\u00e8s continu \u00e0 l'\u00e9ducation, au\u2026<\/p>\n            <a class=\"more-link theme_button\" href=\"https:\/\/moustaqbel.org\/fr\/donations\/don-mensuel\/\">Donate<\/a>\n        <\/div>\n\t<\/div>\n<\/div><!-- .give-grid --><div class=\"give-page-numbers\"><\/div><\/div><!-- .give-wrap -->[\/vc_column_text][\/vc_column][vc_column width=\u00a0\u00bb1\/4&Prime;][vc_column_text css=\u00a0\u00bb\u00a0\u00bb]<div class=\"give-wrap\"><div class=\"give-grid give-grid--1\">\n<div class=\"give-grid__item\">\n\t\t<div class=\"give-card__body\">\n            <div class=\"give-card__media\"><img loading=\"lazy\" decoding=\"async\" width=\"300\" height=\"225\" src=\"https:\/\/moustaqbel.org\/wp-content\/uploads\/2024\/11\/ANBI-Year-Donation-300x225.jpg\" class=\"attachment-medium size-medium\" alt=\"ANBI-Year-Donation\" srcset=\"https:\/\/moustaqbel.org\/wp-content\/uploads\/2024\/11\/ANBI-Year-Donation-300x225.jpg 300w, https:\/\/moustaqbel.org\/wp-content\/uploads\/2024\/11\/ANBI-Year-Donation-768x576.jpg 768w, https:\/\/moustaqbel.org\/wp-content\/uploads\/2024\/11\/ANBI-Year-Donation.jpg 800w\" sizes=\"auto, (max-width: 300px) 100vw, 300px\" \/><\/div>\t\t\t<h4 class=\"give-card__title\"><a href=\"https:\/\/moustaqbel.org\/fr\/donations\/anbi-annee-donation\/\">ANBI Ann\u00e9e Donation<\/a><\/h4><p class=\"give-card__text\">Un don ANBI est enti\u00e8rement d\u00e9ductible des imp\u00f4ts : jusqu'\u00e0 50 % peuvent \u00eatre r\u00e9cup\u00e9r\u00e9s aupr\u00e8s\u2026<\/p>\n            <a class=\"more-link theme_button\" href=\"https:\/\/moustaqbel.org\/fr\/donations\/anbi-annee-donation\/\">Donate<\/a>\n        <\/div>\n\t<\/div>\n<\/div><!-- .give-grid --><div class=\"give-page-numbers\"><\/div><\/div><!-- .give-wrap -->[\/vc_column_text][\/vc_column][\/vc_row][vc_row content_placement=\u00a0\u00bbmiddle\u00a0\u00bb css=\u00a0\u00bb.vc_custom_1740743884317{padding-bottom: 40px !important;}\u00a0\u00bb][vc_column][vc_column_text css=\u00a0\u00bb.vc_custom_1737732096289{padding-bottom: 20px !important;}\u00a0\u00bb]<\/p>\n<h3 style=\"text-align: center;\">Avantages pour les sponsors<\/h3>\n<p>[\/vc_column_text][vc_separator color=\u00a0\u00bbcustom\u00a0\u00bb border_width=\u00a0\u00bb4&Prime; el_width=\u00a0\u00bb30&Prime; css=\u00a0\u00bb.vc_custom_1732720980069{padding-bottom: 20px !important;}\u00a0\u00bb accent_color=\u00a0\u00bb#408e6a\u00a0\u00bb][vc_row_inner content_placement=\u00a0\u00bbmiddle\u00a0\u00bb][vc_column_inner width=\u00a0\u00bb1\/6&Prime;][\/vc_column_inner][vc_column_inner width=\u00a0\u00bb2\/3&Prime;][vc_column_text css=\u00a0\u00bb\u00a0\u00bb]<\/p>\n<p style=\"text-align: center;\">Tous les sponsors re\u00e7oivent une lettre annuelle destin\u00e9e \u00e0 nos donateurs, en plus de la lettre d&rsquo;information qui est envoy\u00e9e trois fois par an pour partager les derni\u00e8res mises \u00e0 jour.<\/p>\n<p style=\"text-align: center;\">En outre, en tant que parrain, vous \u00eates invit\u00e9 \u00e0 s\u00e9journer dans notre chambre d&rsquo;h\u00f4tes \u00e0 Dar Moustaqbel \u00e0 Marrakech. Pendant le d\u00eener, vous pourrez entendre les filles parler de leur vie d&rsquo;\u00e9tudiante \u00e0 Marrakech et \u00e9couter leurs histoires de premi\u00e8re main. Vous aurez la possibilit\u00e9 de faire une promenade \u00e0 v\u00e9lo dans la m\u00e9dina de Marrakech, guid\u00e9e par l&rsquo;une des \u00e9tudiantes de Dar Moustaqbel.  <\/p>\n<p>&nbsp;<\/p>\n<p>Stichting Moustaqbel<br \/>\nBloemgracht 38 H<br \/>\n1015TK Amsterdam<br \/>\nPays-Bas<\/p>\n<p><strong>Compte bancaire : NL 19 ABNA 0822406764<\/strong><\/p>\n<p>KVK : 66716284<br \/>\nRSIN : 856670534[\/vc_column_text][vc_single_image image=\u00a0\u00bb6439&Prime; img_size=\u00a0\u00bbFull\u00a0\u00bb alignment=\u00a0\u00bbcenter\u00a0\u00bb onclick=\u00a0\u00bbcustom_link\u00a0\u00bb img_link_target=\u00a0\u00bb_blank\u00a0\u00bb css=\u00a0\u00bb\u00a0\u00bb link=\u00a0\u00bbhttps:\/\/moustaqbel.org\/wp-content\/uploads\/2025\/01\/Moustaqbel_overeenkomst_period_gift_in_geld_ib0802z3fol-donate.pdf\u00a0\u00bb][\/vc_column_inner][vc_column_inner width=\u00a0\u00bb1\/6&Prime;][\/vc_column_inner][\/vc_row_inner][\/vc_column][\/vc_row]<\/p>\n<\/div>","protected":false},"excerpt":{"rendered":"<p>[vc_row full_width=\u00a0\u00bbstretch_row\u00a0\u00bb content_placement=\u00a0\u00bbmiddle\u00a0\u00bb inverse=\u00a0\u00bb\u00a0\u00bb css=\u00a0\u00bb.vc_custom_1737732199048{margin-bottom: 20px !important;background-image: url(https:\/\/moustaqbel.org\/wp-content\/uploads\/2024\/11\/donate-header.jpg?id=5383) !important;background-position: center !important;background-repeat: no-repeat !important;background-size: cover !important;}\u00a0\u00bb el_class=\u00a0\u00bbmtb-cnt-bttm mtb-pg-head\u00a0\u00bb][vc_column css=\u00a0\u00bb.vc_custom_1731422519776{padding-bottom: 5% !important;}\u00a0\u00bb][vc_column_text css=\u00a0\u00bb\u00a0\u00bb] SOUTENEZ-LES MAINTENANT [\/vc_column_text][\/vc_column][\/vc_row][vc_row content_placement=\u00a0\u00bbmiddle\u00a0\u00bb css=\u00a0\u00bb.vc_custom_1737732190475{padding-bottom: 20px !important;}\u00a0\u00bb][vc_column][vc_column_text css=\u00a0\u00bb.vc_custom_1732721259059{padding-top: 0px [&hellip;]<\/p>\n","protected":false},"author":990003,"featured_media":0,"parent":0,"menu_order":0,"comment_status":"closed","ping_status":"closed","template":"","meta":{"give_campaign_id":0,"footnotes":""},"class_list":["post-7189","page","type-page","status-publish","hentry"],"campaignId":"","_links":{"self":[{"href":"https:\/\/moustaqbel.org\/fr\/wp-json\/wp\/v2\/pages\/7189","targetHints":{"allow":["GET"]}}],"collection":[{"href":"https:\/\/moustaqbel.org\/fr\/wp-json\/wp\/v2\/pages"}],"about":[{"href":"https:\/\/moustaqbel.org\/fr\/wp-json\/wp\/v2\/types\/page"}],"author":[{"embeddable":true,"href":"https:\/\/moustaqbel.org\/fr\/wp-json\/wp\/v2\/users\/990003"}],"replies":[{"embeddable":true,"href":"https:\/\/moustaqbel.org\/fr\/wp-json\/wp\/v2\/comments?post=7189"}],"version-history":[{"count":2,"href":"https:\/\/moustaqbel.org\/fr\/wp-json\/wp\/v2\/pages\/7189\/revisions"}],"predecessor-version":[{"id":7191,"href":"https:\/\/moustaqbel.org\/fr\/wp-json\/wp\/v2\/pages\/7189\/revisions\/7191"}],"wp:attachment":[{"href":"https:\/\/moustaqbel.org\/fr\/wp-json\/wp\/v2\/media?parent=7189"}],"curies":[{"name":"wp","href":"https:\/\/api.w.org\/{rel}","templated":true}]}}