{"id":7182,"date":"2025-02-26T13:06:08","date_gmt":"2025-02-26T13:06:08","guid":{"rendered":"https:\/\/moustaqbel.org\/echec-du-don\/"},"modified":"2025-02-26T13:06:08","modified_gmt":"2025-02-26T13:06:08","slug":"echec-du-don","status":"publish","type":"page","link":"https:\/\/moustaqbel.org\/fr\/echec-du-don\/","title":{"rendered":"\u00c9chec du don"},"content":{"rendered":"<p>Nous sommes d\u00e9sol\u00e9s, votre don n&rsquo;a pas \u00e9t\u00e9 trait\u00e9. Veuillez r\u00e9essayer ou contacter le service d&rsquo;assistance du site. <\/p>\n","protected":false},"excerpt":{"rendered":"<p>Nous sommes d\u00e9sol\u00e9s, votre don n&rsquo;a pas \u00e9t\u00e9 trait\u00e9. Veuillez r\u00e9essayer ou contacter le service d&rsquo;assistance du site.<\/p>\n","protected":false},"author":990003,"featured_media":0,"parent":0,"menu_order":0,"comment_status":"closed","ping_status":"closed","template":"","meta":{"give_campaign_id":0,"footnotes":""},"class_list":["post-7182","page","type-page","status-publish","hentry"],"campaignId":"","_links":{"self":[{"href":"https:\/\/moustaqbel.org\/fr\/wp-json\/wp\/v2\/pages\/7182","targetHints":{"allow":["GET"]}}],"collection":[{"href":"https:\/\/moustaqbel.org\/fr\/wp-json\/wp\/v2\/pages"}],"about":[{"href":"https:\/\/moustaqbel.org\/fr\/wp-json\/wp\/v2\/types\/page"}],"author":[{"embeddable":true,"href":"https:\/\/moustaqbel.org\/fr\/wp-json\/wp\/v2\/users\/990003"}],"replies":[{"embeddable":true,"href":"https:\/\/moustaqbel.org\/fr\/wp-json\/wp\/v2\/comments?post=7182"}],"version-history":[{"count":0,"href":"https:\/\/moustaqbel.org\/fr\/wp-json\/wp\/v2\/pages\/7182\/revisions"}],"wp:attachment":[{"href":"https:\/\/moustaqbel.org\/fr\/wp-json\/wp\/v2\/media?parent=7182"}],"curies":[{"name":"wp","href":"https:\/\/api.w.org\/{rel}","templated":true}]}}